{"id":271,"date":"2012-06-26T11:18:26","date_gmt":"2012-06-26T09:18:26","guid":{"rendered":"http:\/\/wp.prelc.net\/?page_id=271"},"modified":"2024-04-13T12:53:09","modified_gmt":"2024-04-13T11:53:09","slug":"gvgp-1","status":"publish","type":"page","link":"https:\/\/www.pgd-rakek.si\/?page_id=271","title":{"rendered":"GVGP-1"},"content":{"rendered":"<p><span style=\"text-decoration: underline;\">Vrsta:<\/span><br \/>\nFord Ranger Limited 3,2 Duratorq TDCi 147 kW (200 KM)<\/p>\n<p><span style=\"text-decoration: underline;\">Leto izdelave:<\/span><br \/>\n2013 &#8211; EURO GV<\/p>\n<p><span style=\"text-decoration: underline;\">Pogon vozila:<\/span><br \/>\n4&#215;4<\/p>\n<p style=\"text-align: justify;\"><span style=\"text-decoration: underline;\">Namen:<br \/>\n<\/span>Malo gasilsko vozilo je namenjeno za ga\u0161enje gozdnih po\u017earov. Vozilo ima prostor za posadko 1+4 in prostor za gasilsko tehni\u010dno opremo. Vozilo je namenjeno za ga\u0161enje manj\u0161ih in srednje velikih po\u017earov v naravnem okolju ter za potrebe osnovne enote pri zahtevnej\u0161ih intervencijah, kakor tudi za ga\u0161enje vseh za\u010detnih po\u017earov.<\/p>\n<p style=\"text-align: center;\"><a href=\"http:\/\/www.pgd-rakek.si\/wp-content\/uploads\/2012\/06\/11084129_10205869658597806_2495150073800534160_o.jpg\"><img loading=\"lazy\" decoding=\"async\" class=\"alignnone wp-image-4648 size-medium\" src=\"http:\/\/www.pgd-rakek.si\/wp-content\/uploads\/2012\/06\/11084129_10205869658597806_2495150073800534160_o-300x225.jpg\" alt=\"11084129_10205869658597806_2495150073800534160_o\" width=\"300\" height=\"225\" srcset=\"https:\/\/www.pgd-rakek.si\/wp-content\/uploads\/2012\/06\/11084129_10205869658597806_2495150073800534160_o-300x225.jpg 300w, https:\/\/www.pgd-rakek.si\/wp-content\/uploads\/2012\/06\/11084129_10205869658597806_2495150073800534160_o.jpg 1024w, https:\/\/www.pgd-rakek.si\/wp-content\/uploads\/2012\/06\/11084129_10205869658597806_2495150073800534160_o-160x120.jpg 160w\" sizes=\"auto, (max-width: 300px) 100vw, 300px\" \/><\/a><\/p>\n<p style=\"text-align: justify;\"><span style=\"text-decoration: underline;\">Oprema in nadgradnja:<br \/>\n<\/span>Oddaljenost od tal je 230 mm s prelomni kotom grebena (4&#215;4) 25\u00b0.\u00a0Globina brodenja po vodi je 800 mm, obra\u010dalni krog ima\u00a012,4 m.<\/p>\n<p style=\"text-align: justify;\">Svetlobna in zvo\u010dna signalizacija: LED blok s zvo\u010dnikom sirene na strehi, 2x LED utripalka v maski in 2x LED utripalka na zadnjih strani vozila. Vozilo je opremljeno z mobilno radijsko postajo sistema ZARE in blazinami za stabilizacijo zadnjega dela (kontrole za stabilizacijo so name\u0161\u010dene pri vozniku). Vozilo ima na sprednji strani name\u0161\u010den\u00a03,5 tonski vitel s cevno za\u0161\u010dito.<\/p>\n<p style=\"text-align: justify;\">Vgrajena je\u00a0visokotla\u010dna batna \u010drpalka UDOR KAPPA, kapacitete 100 litrov pri 50\u00a0barih. Gnana je preko bencinskega motorja (Briggs &amp;\u00a0Stratton 13 KM). K opremi \u010drpalke spada \u0161e krmilna plo\u0161\u010da z avtomatskim\u00a0regulatorjem pritiska, manometer. Krmilna plo\u0161\u010da \u010drpalke je primerno osvetljena, prav tako je osvetljena sama zunanjost in notranjost nadgradnje. Na zadnji strani vozila je delovna lu\u010d s katero se osvetljuje okolico za vozilom.<\/p>\n<p style=\"text-align: justify;\">Vodni rezervoar iz nerjave\u010dega inox materiala\u00a0je kapacitete 350 litrov. Opremljen je s primernimi oja\u010ditvami in pregradami\u00a0proti prelivanju vode med vo\u017enjo ter pripadajo\u010dimi armaturami (in\u0161pekcijska\u00a0odprtina, zra\u010dnik, priklju\u010dki za polnjenje in napajanje \u010drpalke, elektri\u010dni merilnik\u00a0nivoja vode). Polnilni vod je\u00a0speljan na desno\u00a0stran vozila.<\/p>\n<p style=\"text-align: justify;\">V zadnjem delu vozila se nahajata dva navijalna bobna z elektro navijanjem ter\u00a0visokotla\u010dno cevjo \u00d813 mm in dol\u017eine 100 m. Cevi iz navijalnih blokov se lahko podalj\u0161ujejo med seboj, vozilo lahko razvije 200 m VT cevovoda. V notranjosti nadgradnje je priklju\u010dek s cevjo za polnjenje naprtnja\u010d.<\/p>\n<p style=\"text-align: justify;\">Na zunanjem delu nadgradnje\u00a0je name\u0161\u010dena naslednja oprema:<br \/>\n&#8211; gasilne metle za naravno okolje, 3 kos<br \/>\n&#8211; naprtnja\u010da Vallfirest, 2 kos<br \/>\n&#8211; izpihovalnik, 1 kos<br \/>\n&#8211; D cevi dol\u017eine 15 m, 6 kos<br \/>\n&#8211; D ro\u010dnik, 2 kos<br \/>\n&#8211; univerzalni hidrantni klju\u010d in\u00a0C cev za polnjenje vozila z vodo<br \/>\n&#8211; reducirni spojke: B\/C, C\/D, ve\u010d kos VT\/D (razli\u010dni priklopi)<br \/>\n&#8211; 10 l posoda za gorivo VT \u010drpalko<br \/>\n&#8211; 2 litrske posode za penilo, 3 kos<br \/>\n&#8211; lopata, 1 kos<br \/>\n&#8211; kramp, 2 kos<br \/>\n&#8211; sekira drvarska, 1 kos<br \/>\n&#8211; vejnika, 2 kos<\/p>\n<p style=\"text-align: justify;\">V notranjosti nadgradnje je name\u0161\u010dena naslednja oprema:<br \/>\n&#8211; gasilnik S6<br \/>\n&#8211; motorna \u017eaga s opremo za vzdr\u017eevanje in za\u0161\u010ditnimi hla\u010dnicami<br \/>\n&#8211; kombinirana 5 litrska posoda za gorivo in olje za M\u017d<br \/>\n&#8211; kov\u010dek z orodjem<br \/>\n&#8211; torba prve pomo\u010di<br \/>\n&#8211; zaboj z vrvno tehniko in bremenskimi trakovi<br \/>\n&#8211; VT ro\u010dnik za ga\u0161enje s peno<br \/>\n&#8211; zaboj za pitno vodo<br \/>\n&#8211; teleskopska lestev<\/p>\n<p style=\"text-align: center;\"><a href=\"http:\/\/www.pgd-rakek.si\/wp-content\/uploads\/2012\/06\/11026295_10206392668086374_5411858859808603446_n.jpg\"><img loading=\"lazy\" decoding=\"async\" class=\"alignnone size-medium wp-image-4649\" src=\"http:\/\/www.pgd-rakek.si\/wp-content\/uploads\/2012\/06\/11026295_10206392668086374_5411858859808603446_n-300x169.jpg\" alt=\"11026295_10206392668086374_5411858859808603446_n\" width=\"300\" height=\"169\" srcset=\"https:\/\/www.pgd-rakek.si\/wp-content\/uploads\/2012\/06\/11026295_10206392668086374_5411858859808603446_n-300x169.jpg 300w, https:\/\/www.pgd-rakek.si\/wp-content\/uploads\/2012\/06\/11026295_10206392668086374_5411858859808603446_n.jpg 960w\" sizes=\"auto, (max-width: 300px) 100vw, 300px\" \/><\/a><\/p>\n<p style=\"text-align: center;\"><a href=\"http:\/\/www.pgd-rakek.si\/wp-content\/uploads\/2012\/06\/DSC_0907-1024x576.jpg\"><img loading=\"lazy\" decoding=\"async\" class=\"alignnone size-medium wp-image-4650\" src=\"http:\/\/www.pgd-rakek.si\/wp-content\/uploads\/2012\/06\/DSC_0907-1024x576-300x169.jpg\" alt=\"DSC_0907-1024x576\" width=\"300\" height=\"169\" srcset=\"https:\/\/www.pgd-rakek.si\/wp-content\/uploads\/2012\/06\/DSC_0907-1024x576-300x169.jpg 300w, https:\/\/www.pgd-rakek.si\/wp-content\/uploads\/2012\/06\/DSC_0907-1024x576.jpg 1024w\" sizes=\"auto, (max-width: 300px) 100vw, 300px\" \/><\/a><\/p>\n<p style=\"text-align: center;\"><a href=\"http:\/\/www.pgd-rakek.si\/wp-content\/uploads\/2012\/06\/DSC_0784.jpg\"><img loading=\"lazy\" decoding=\"async\" class=\"alignnone wp-image-4522 size-medium\" src=\"http:\/\/www.pgd-rakek.si\/wp-content\/uploads\/2012\/06\/DSC_0784-300x169.jpg\" alt=\"DSC_0784\" width=\"300\" height=\"169\" srcset=\"https:\/\/www.pgd-rakek.si\/wp-content\/uploads\/2012\/06\/DSC_0784-300x169.jpg 300w, https:\/\/www.pgd-rakek.si\/wp-content\/uploads\/2012\/06\/DSC_0784-1024x576.jpg 1024w\" sizes=\"auto, (max-width: 300px) 100vw, 300px\" \/><\/a><\/p>\n<p style=\"text-align: center;\"><a href=\"http:\/\/www.pgd-rakek.si\/wp-content\/uploads\/2013-10-05-18.11.53.jpg\"><img loading=\"lazy\" decoding=\"async\" class=\"alignnone wp-image-2287 size-medium\" src=\"http:\/\/www.pgd-rakek.si\/wp-content\/uploads\/2013-10-05-18.11.53-300x225.jpg\" alt=\"SAMSUNG\" width=\"300\" height=\"225\" srcset=\"https:\/\/www.pgd-rakek.si\/wp-content\/uploads\/2013-10-05-18.11.53-300x225.jpg 300w, https:\/\/www.pgd-rakek.si\/wp-content\/uploads\/2013-10-05-18.11.53-1024x768.jpg 1024w, https:\/\/www.pgd-rakek.si\/wp-content\/uploads\/2013-10-05-18.11.53-160x120.jpg 160w, https:\/\/www.pgd-rakek.si\/wp-content\/uploads\/2013-10-05-18.11.53.jpg 2048w\" sizes=\"auto, (max-width: 300px) 100vw, 300px\" \/><\/a><\/p>\n","protected":false},"excerpt":{"rendered":"<p>Vrsta: Ford Ranger Limited 3,2 Duratorq TDCi 147 kW (200 KM) Leto izdelave: 2013 &#8211; EURO GV Pogon vozila: 4&#215;4 Namen: Malo gasilsko vozilo je namenjeno za ga\u0161enje gozdnih po\u017earov. Vozilo ima prostor za posadko 1+4 in prostor za gasilsko tehni\u010dno opremo. Vozilo je namenjeno za ga\u0161enje manj\u0161ih in srednje velikih po\u017earov v naravnem okolju [&hellip;]<\/p>\n","protected":false},"author":15,"featured_media":0,"parent":75,"menu_order":0,"comment_status":"closed","ping_status":"closed","template":"","meta":{"footnotes":""},"class_list":["post-271","page","type-page","status-publish","hentry"],"_links":{"self":[{"href":"https:\/\/www.pgd-rakek.si\/index.php?rest_route=\/wp\/v2\/pages\/271","targetHints":{"allow":["GET"]}}],"collection":[{"href":"https:\/\/www.pgd-rakek.si\/index.php?rest_route=\/wp\/v2\/pages"}],"about":[{"href":"https:\/\/www.pgd-rakek.si\/index.php?rest_route=\/wp\/v2\/types\/page"}],"author":[{"embeddable":true,"href":"https:\/\/www.pgd-rakek.si\/index.php?rest_route=\/wp\/v2\/users\/15"}],"replies":[{"embeddable":true,"href":"https:\/\/www.pgd-rakek.si\/index.php?rest_route=%2Fwp%2Fv2%2Fcomments&post=271"}],"version-history":[{"count":23,"href":"https:\/\/www.pgd-rakek.si\/index.php?rest_route=\/wp\/v2\/pages\/271\/revisions"}],"predecessor-version":[{"id":13831,"href":"https:\/\/www.pgd-rakek.si\/index.php?rest_route=\/wp\/v2\/pages\/271\/revisions\/13831"}],"up":[{"embeddable":true,"href":"https:\/\/www.pgd-rakek.si\/index.php?rest_route=\/wp\/v2\/pages\/75"}],"wp:attachment":[{"href":"https:\/\/www.pgd-rakek.si\/index.php?rest_route=%2Fwp%2Fv2%2Fmedia&parent=271"}],"curies":[{"name":"wp","href":"https:\/\/api.w.org\/{rel}","templated":true}]}}